{"id":11,"date":"2018-12-27T08:05:01","date_gmt":"2018-12-27T08:05:01","guid":{"rendered":"http:\/\/narrenrat-hg.de\/?page_id=11"},"modified":"2018-12-27T18:37:11","modified_gmt":"2018-12-27T18:37:11","slug":"narrenratspraesidenten","status":"publish","type":"page","link":"http:\/\/narrenrat-hg.de\/?page_id=11","title":{"rendered":"Narrenratspr\u00e4sidenten"},"content":{"rendered":"\n<p>1958&nbsp;&nbsp; 1. Narrenratspr\u00e4sident: Kurt Schenkelberg (CVH)<\/p>\n\n\n\n<p>1978&nbsp;&nbsp; 2. Narrenratspr\u00e4sident: Hans-Peter Wilhelm (HCV)<\/p>\n\n\n\n<p>1984&nbsp;&nbsp;&nbsp;3. Narrenratspr\u00e4sident: Paul Prinz (HCV)<\/p>\n\n\n\n<p>1987&nbsp;&nbsp;&nbsp;4. Narrenratspr\u00e4sident: Rolf Klein (FdC)<\/p>\n\n\n\n<p>2000&nbsp;&nbsp;&nbsp;5. Narrenratspr\u00e4sident: Gerhard Traub (CH)<\/p>\n\n\n\n<p>2005&nbsp;&nbsp;&nbsp;6. Narrenratspr\u00e4sident: Torsten Hainz (FdC)<\/p>\n","protected":false},"excerpt":{"rendered":"<p>1958&nbsp;&nbsp; 1. Narrenratspr\u00e4sident: Kurt Schenkelberg (CVH) 1978&nbsp;&nbsp; 2. Narrenratspr\u00e4sident: Hans-Peter Wilhelm (HCV) 1984&nbsp;&nbsp;&nbsp;3. Narrenratspr\u00e4sident: Paul Prinz (HCV) 1987&nbsp;&nbsp;&nbsp;4. Narrenratspr\u00e4sident: Rolf Klein (FdC) 2000&nbsp;&nbsp;&nbsp;5. Narrenratspr\u00e4sident: Gerhard Traub (CH) 2005&nbsp;&nbsp;&nbsp;6. Narrenratspr\u00e4sident: Torsten <a class=\"more-link\" href=\"http:\/\/narrenrat-hg.de\/?page_id=11\">weiterlesen&#8230;<\/a><\/p>\n","protected":false},"author":1,"featured_media":0,"parent":0,"menu_order":5,"comment_status":"closed","ping_status":"closed","template":"","meta":{"ngg_post_thumbnail":0,"footnotes":""},"class_list":["post-11","page","type-page","status-publish","hentry"],"_links":{"self":[{"href":"http:\/\/narrenrat-hg.de\/index.php?rest_route=\/wp\/v2\/pages\/11","targetHints":{"allow":["GET"]}}],"collection":[{"href":"http:\/\/narrenrat-hg.de\/index.php?rest_route=\/wp\/v2\/pages"}],"about":[{"href":"http:\/\/narrenrat-hg.de\/index.php?rest_route=\/wp\/v2\/types\/page"}],"author":[{"embeddable":true,"href":"http:\/\/narrenrat-hg.de\/index.php?rest_route=\/wp\/v2\/users\/1"}],"replies":[{"embeddable":true,"href":"http:\/\/narrenrat-hg.de\/index.php?rest_route=%2Fwp%2Fv2%2Fcomments&post=11"}],"version-history":[{"count":7,"href":"http:\/\/narrenrat-hg.de\/index.php?rest_route=\/wp\/v2\/pages\/11\/revisions"}],"predecessor-version":[{"id":20,"href":"http:\/\/narrenrat-hg.de\/index.php?rest_route=\/wp\/v2\/pages\/11\/revisions\/20"}],"wp:attachment":[{"href":"http:\/\/narrenrat-hg.de\/index.php?rest_route=%2Fwp%2Fv2%2Fmedia&parent=11"}],"curies":[{"name":"wp","href":"https:\/\/api.w.org\/{rel}","templated":true}]}}