{"id":6,"date":"2018-12-27T07:45:06","date_gmt":"2018-12-27T07:45:06","guid":{"rendered":"http:\/\/narrenrat-hg.de\/?page_id=6"},"modified":"2026-01-15T07:21:21","modified_gmt":"2026-01-15T06:21:21","slug":"start","status":"publish","type":"page","link":"http:\/\/narrenrat-hg.de\/","title":{"rendered":"Der Narrenrat"},"content":{"rendered":"\n<figure class=\"wp-block-image size-large\"><img loading=\"lazy\" decoding=\"async\" width=\"1024\" height=\"715\" src=\"https:\/\/narrenrat-hg.de\/wp-content\/uploads\/2025\/10\/Narrenrat-2025-2-1024x715.jpg\" alt=\"\" class=\"wp-image-714\" srcset=\"http:\/\/narrenrat-hg.de\/wp-content\/uploads\/2025\/10\/Narrenrat-2025-2-1024x715.jpg 1024w, http:\/\/narrenrat-hg.de\/wp-content\/uploads\/2025\/10\/Narrenrat-2025-2-300x209.jpg 300w, http:\/\/narrenrat-hg.de\/wp-content\/uploads\/2025\/10\/Narrenrat-2025-2-768x536.jpg 768w, http:\/\/narrenrat-hg.de\/wp-content\/uploads\/2025\/10\/Narrenrat-2025-2-1536x1073.jpg 1536w, http:\/\/narrenrat-hg.de\/wp-content\/uploads\/2025\/10\/Narrenrat-2025-2-2048x1430.jpg 2048w, http:\/\/narrenrat-hg.de\/wp-content\/uploads\/2025\/10\/Narrenrat-2025-2-215x150.jpg 215w\" sizes=\"auto, (max-width: 1024px) 100vw, 1024px\" \/><\/figure>\n\n\n\n<p class=\"has-text-align-center\">Mitglieder des Narrenrat Bad Homburg 2025<\/p>\n\n\n\n<p>Der Bad Homburger Narrenrat wurde 1958 f\u00fcr die vier Bad Homburger Karnevalvereine \u201eHomburger Carneval-Verein\u201c, \u201eClub Humor\u201c, \u201eCV Heiterkeit\u201c und \u201eFreunde des Carneval\u201c ins n\u00e4rrische Leben gerufen. Aufgabe und Zweck des Narrenrates sind es, gemeinsame Interessen zu vertreten, gemeinsame Veranstaltungstermine und Aktivit\u00e4ten zu koordinieren und vereins\u00fcbergreifende Themen zu er\u00f6rtern. Aus den Reihen der Narrenratsmitglieder wird der Narrenratspr\u00e4sident gew\u00e4hlt, der die regelm\u00e4\u00dfig stattfindenden Besprechungen leitet und als Sprecher fungiert. Bei Abstimmungen zu Entscheidungen im Narrenrat hat jeder Verein zwei Stimmen und der Narrenratspr\u00e4sident eine. St\u00e4ndige Mitglieder des Narrenrates sind die jeweiligen 1. und 2. Vorsitzenden und die Sitzungspr\u00e4sidenten der Karnevalvereine. Ihre Verbundenheit zur Institution \u201eNarrenrat\u201c zeigen derzeitige und fr\u00fchere Mitglieder des Gremiums durch das Tragen einer Miniatur des Narrenrats-Ordens, der 1978 von Franz Bertram, einem Senator des FdC, gestiftet wurde und dessen Original der amtierende Narrenratspr\u00e4sident neben der Pr\u00e4sidentenkappe bei offiziellen Anl\u00e4ssen tr\u00e4gt.<\/p>\n\n\n\n<p>Die n\u00e4rrische Magistratssitzung als letzte Saalveranstaltung einer jeden Kampagne findet auf  Einladung des Oberb\u00fcrgermeisters der Stadt Bad Homburg statt. Der Elferrat setzt sich dabei aus  Mitgliedern des Magistrats und aus Vertretern der Bad Homburger Karnevalsvereine zusammen.  Die Leitung der n\u00e4rrischen Magistratssitzung obliegt dem Narrenratspr\u00e4sidenten. <\/p>\n\n\n\n<p>Neben ausgew\u00e4hlten Beitr\u00e4gen der Karnevalsvereine und\nB\u00fcttenreden der Magistratsvertreter war 2019 der erste gemeinsame Tanzauftritt\nder Garden von allen vier Vereinen ein absoluter H\u00f6hepunkt. Eleganz, Anmut,\nt\u00e4nzerisches K\u00f6nnen und vor allen Dingen Spa\u00df am Brauchtum Karneval vereinten\nsich auf einer gro\u00dfen B\u00fchne und hinterlie\u00dfen bleibende Eindr\u00fccke.<\/p>\n\n\n\n<figure class=\"wp-block-image size-large\"><img loading=\"lazy\" decoding=\"async\" width=\"1024\" height=\"691\" src=\"https:\/\/narrenrat-hg.de\/wp-content\/uploads\/2025\/11\/Narrenrat11-2025-1024x691.jpg\" alt=\"\" class=\"wp-image-727\" srcset=\"http:\/\/narrenrat-hg.de\/wp-content\/uploads\/2025\/11\/Narrenrat11-2025-1024x691.jpg 1024w, http:\/\/narrenrat-hg.de\/wp-content\/uploads\/2025\/11\/Narrenrat11-2025-300x202.jpg 300w, http:\/\/narrenrat-hg.de\/wp-content\/uploads\/2025\/11\/Narrenrat11-2025-768x518.jpg 768w, http:\/\/narrenrat-hg.de\/wp-content\/uploads\/2025\/11\/Narrenrat11-2025-222x150.jpg 222w, http:\/\/narrenrat-hg.de\/wp-content\/uploads\/2025\/11\/Narrenrat11-2025.jpg 1186w\" sizes=\"auto, (max-width: 1024px) 100vw, 1024px\" \/><figcaption class=\"wp-element-caption\">Der Narrenrat an der Inthronisation am 15.11.2025<\/figcaption><\/figure>\n\n\n\n<p><\/p>\n\n\n\n<figure class=\"wp-block-image size-large\"><img loading=\"lazy\" decoding=\"async\" width=\"1024\" height=\"768\" src=\"https:\/\/narrenrat-hg.de\/wp-content\/uploads\/2024\/11\/Narrenrat15-11-24-1-1024x768.jpg\" alt=\"\" class=\"wp-image-688\" srcset=\"http:\/\/narrenrat-hg.de\/wp-content\/uploads\/2024\/11\/Narrenrat15-11-24-1-1024x768.jpg 1024w, http:\/\/narrenrat-hg.de\/wp-content\/uploads\/2024\/11\/Narrenrat15-11-24-1-300x225.jpg 300w, http:\/\/narrenrat-hg.de\/wp-content\/uploads\/2024\/11\/Narrenrat15-11-24-1-768x576.jpg 768w, http:\/\/narrenrat-hg.de\/wp-content\/uploads\/2024\/11\/Narrenrat15-11-24-1-1536x1152.jpg 1536w, http:\/\/narrenrat-hg.de\/wp-content\/uploads\/2024\/11\/Narrenrat15-11-24-1-200x150.jpg 200w, http:\/\/narrenrat-hg.de\/wp-content\/uploads\/2024\/11\/Narrenrat15-11-24-1.jpg 1600w\" sizes=\"auto, (max-width: 1024px) 100vw, 1024px\" \/><figcaption class=\"wp-element-caption\">Narrenrat bei der Inthronisation am 15-11-2024<\/figcaption><\/figure>\n\n\n\n<p><\/p>\n\n\n\n<figure class=\"wp-block-image\"><img loading=\"lazy\" decoding=\"async\" width=\"1024\" height=\"512\" src=\"http:\/\/narrenrat-hg.de\/wp-content\/uploads\/2019\/11\/604ac0b4-9df2-4b99-87e4-8ba24a481e19-e1573915623489-1024x512.jpg\" alt=\"\" class=\"wp-image-523\" srcset=\"http:\/\/narrenrat-hg.de\/wp-content\/uploads\/2019\/11\/604ac0b4-9df2-4b99-87e4-8ba24a481e19-e1573915623489.jpg 1024w, http:\/\/narrenrat-hg.de\/wp-content\/uploads\/2019\/11\/604ac0b4-9df2-4b99-87e4-8ba24a481e19-e1573915623489-300x150.jpg 300w, http:\/\/narrenrat-hg.de\/wp-content\/uploads\/2019\/11\/604ac0b4-9df2-4b99-87e4-8ba24a481e19-e1573915623489-768x384.jpg 768w\" sizes=\"auto, (max-width: 1024px) 100vw, 1024px\" \/><figcaption class=\"wp-element-caption\">Der Narrenrat 2019 an der Inthronisation 16.11.2019<\/figcaption><\/figure>\n\n\n\n<p><\/p>\n\n\n\n<p>N\u00e4rrischer Gottesdienst 2026 in der St. Johannes Kirche in Kirdorf<\/p>\n\n\n\n<figure class=\"wp-block-image size-large\"><img loading=\"lazy\" decoding=\"async\" width=\"1024\" height=\"683\" src=\"https:\/\/narrenrat-hg.de\/wp-content\/uploads\/2026\/01\/IMG_1001-1024x683.jpg\" alt=\"\" class=\"wp-image-735\" srcset=\"http:\/\/narrenrat-hg.de\/wp-content\/uploads\/2026\/01\/IMG_1001-1024x683.jpg 1024w, http:\/\/narrenrat-hg.de\/wp-content\/uploads\/2026\/01\/IMG_1001-300x200.jpg 300w, http:\/\/narrenrat-hg.de\/wp-content\/uploads\/2026\/01\/IMG_1001-768x512.jpg 768w, http:\/\/narrenrat-hg.de\/wp-content\/uploads\/2026\/01\/IMG_1001-1536x1024.jpg 1536w, http:\/\/narrenrat-hg.de\/wp-content\/uploads\/2026\/01\/IMG_1001-2048x1365.jpg 2048w, http:\/\/narrenrat-hg.de\/wp-content\/uploads\/2026\/01\/IMG_1001-225x150.jpg 225w\" sizes=\"auto, (max-width: 1024px) 100vw, 1024px\" \/><\/figure>\n\n\n\n<p class=\"has-text-align-left\">Die NR-Homepage wurde um die Ver\u00f6ffentlichung der beiden im Narrenrat ver\u00f6ffentlichten Geschichtsb\u00fccher &#8222;Chronik der Bad Homburger Fastnacht Teil I und II&#8220; erweitert. Damit auch im elektronischen Zeitalter m\u00f6glichst viele interessierte Leser und Leserinnen ein schneller Zugriff auf die karnevalistische Geschichte hier in Bad Homburg erm\u00f6glicht wird. Wir w\u00fcnschen vorab viel Spa\u00df beim Lesen. Ihr Narrenrat Bad Homburg<\/p>\n\n\n\n<p><\/p>\n","protected":false},"excerpt":{"rendered":"<p>Mitglieder des Narrenrat Bad Homburg 2025 Der Bad Homburger Narrenrat wurde 1958 f\u00fcr die vier Bad Homburger Karnevalvereine \u201eHomburger Carneval-Verein\u201c, \u201eClub Humor\u201c, \u201eCV Heiterkeit\u201c und \u201eFreunde des Carneval\u201c ins n\u00e4rrische <a class=\"more-link\" href=\"http:\/\/narrenrat-hg.de\/\">weiterlesen&#8230;<\/a><\/p>\n","protected":false},"author":1,"featured_media":0,"parent":0,"menu_order":0,"comment_status":"closed","ping_status":"closed","template":"","meta":{"ngg_post_thumbnail":0,"footnotes":""},"class_list":["post-6","page","type-page","status-publish","hentry"],"_links":{"self":[{"href":"http:\/\/narrenrat-hg.de\/index.php?rest_route=\/wp\/v2\/pages\/6","targetHints":{"allow":["GET"]}}],"collection":[{"href":"http:\/\/narrenrat-hg.de\/index.php?rest_route=\/wp\/v2\/pages"}],"about":[{"href":"http:\/\/narrenrat-hg.de\/index.php?rest_route=\/wp\/v2\/types\/page"}],"author":[{"embeddable":true,"href":"http:\/\/narrenrat-hg.de\/index.php?rest_route=\/wp\/v2\/users\/1"}],"replies":[{"embeddable":true,"href":"http:\/\/narrenrat-hg.de\/index.php?rest_route=%2Fwp%2Fv2%2Fcomments&post=6"}],"version-history":[{"count":20,"href":"http:\/\/narrenrat-hg.de\/index.php?rest_route=\/wp\/v2\/pages\/6\/revisions"}],"predecessor-version":[{"id":736,"href":"http:\/\/narrenrat-hg.de\/index.php?rest_route=\/wp\/v2\/pages\/6\/revisions\/736"}],"wp:attachment":[{"href":"http:\/\/narrenrat-hg.de\/index.php?rest_route=%2Fwp%2Fv2%2Fmedia&parent=6"}],"curies":[{"name":"wp","href":"https:\/\/api.w.org\/{rel}","templated":true}]}}